{"id":176,"date":"2017-08-07T18:46:42","date_gmt":"2017-08-07T09:46:42","guid":{"rendered":"https:\/\/kahorunakamura.b-sheet.jp\/?page_id=176"},"modified":"2019-04-04T12:59:46","modified_gmt":"2019-04-04T03:59:46","slug":"biography","status":"publish","type":"page","link":"https:\/\/kahorunakamura.b-sheet.jp\/en\/biography\/","title":{"rendered":"BIOGRAPHY"},"content":{"rendered":"<p><strong>Kahoru NAKAMURA, Gaku-biwa and Mai\uff08Dance\uff09<\/strong><\/p>\n<p>While a student at Kunitachi College of Music, Kahoru Nakamura began studyingGagaku after hearing a performance of Bankas\u014d, a piece restored by Sukeyasu Shibafrom the anthology of pieces contained in the Tenpy\u014d biwa fu, the oldest extantcollection of notation for the biwa. She studied the ry\u016bteki flute with Sukeyasu Shibaand gakubiwa and Bugaku dance with Kiyohiko Yamada. In 2000 she was active as atrainee in the program for upcoming artists sponsored by the Agency for CulturalAffairs. As a member of the Reigakusha ensemble, together with other ensembles and ina solo capacity, since 1990 she has performed the biwa and given dance performances atconcerts in Japan and overseas, including at the National Theatre in Tokyo.As well as performing in the traditional Gagaku ensemble, she began from early on tomark out her own distinctive path by exploring new possibilities for the gakubiwa as asolo instrument. Since 2002 she has organized a concert series under the title of Biwa,Mai. She released her first CD album, with the title Yusura, in 2015, and in 2016presented a concert under the title of Playing the Gakubiwa. In 2018 the composer Tar\u014dIshida composer a work for her to perform on the gakubiwa at an exhibition entitledBenches of the Brazilian Indigenous Peoples held at the Tokyo Metropolitan Teien ArtMuseum. A recording was played at the venue for the whole duration of the exhibitionto the delight and astonishment of visitors.<\/p>\n<p>In the field of dance she has performed classical items from the Bugaku repertory suchas Genj\u014draku, Nasori, Bat\u014d and Kitoku with the Reigakusha ensemble at music festivalsin Japan, the United States, the United Kingdom, Europe and Africa. In 1998 she tookpart in a performance with the New Japan Philharmonic Orchestra of Bugaku, the balletcomposed by Toshir\u014d Mayuzumi. In 2012 she took part in a performance of Nasori inSouth Korea in collaboration with members of the Busan National Gugak Centre, and in2015 she danced in a performance of Rakuson at the National Gugak Centres in Seouland Busan. She has also choreographed her own dances, which have been incorporatedto high acclaim in performances of two works by Sukeyasu Shiba, Rotai ranbu \uff081995\uff09and Zuikaen \uff082005\uff09.<\/p>\n<p>In addition to her performances on gakubiwa of the classical Gagaku repertory and ofcontemporary music, she has performed on the 5-stringed biwa and the genkan, twoinstruments restored on the basis of originals housed in the collection of the Sh\u014ds\u014dinImperial Repository in Nara. Together with musicologists and scholars of literature, shehas also been involved as a performer in a project to restore long defunct secret and solopieces for the gakubiwa. In 2015, together with K\u014d Ichikawa, she embarked on a projectinvolving the unusual instrumental combination of sh\u014d and biwa. With the nameKishun, the duo have given a series of small concerts and lessons intended to enhancelisteners\u2019 enjoyment of Gagaku.<\/p>\n<p>In addition to her solo CD Yusura, issued on Greenfin Records, she has taken part inCDs including Musical Instrument to East and West: Biwa and Mandolin \uff08YokohamaMunicipal Art and Culture Promotion Foundation\uff09 and Asobi \uff08Tar\u014d Ishida\uff09.<\/p>\n","protected":false},"excerpt":{"rendered":"<p>Kahoru NAKAMURA, Gaku-biwa and Mai\uff08Dance\uff09 While a student at Kunitachi College of Music, Kahoru Nakamura began [&hellip;]<\/p>\n","protected":false},"author":1,"featured_media":0,"parent":0,"menu_order":0,"comment_status":"closed","ping_status":"closed","template":"page-biography.php","meta":{"_acf_changed":false,"_locale":"en_US","_original_post":"64","footnotes":""},"class_list":["post-176","page","type-page","status-publish","hentry","en-US"],"acf":[],"yoast_head":"<!-- This site is optimized with the Yoast SEO plugin v27.5 - https:\/\/yoast.com\/product\/yoast-seo-wordpress\/ -->\n<title>BIOGRAPHY - KAHORU NAKAMURA<\/title>\n<meta name=\"robots\" content=\"index, follow, max-snippet:-1, max-image-preview:large, max-video-preview:-1\" \/>\n<link rel=\"canonical\" href=\"https:\/\/kahorunakamura.b-sheet.jp\/en\/biography\/\" \/>\n<meta property=\"og:locale\" content=\"en_US\" \/>\n<meta property=\"og:type\" content=\"article\" \/>\n<meta property=\"og:title\" content=\"BIOGRAPHY - KAHORU NAKAMURA\" \/>\n<meta property=\"og:description\" content=\"Kahoru NAKAMURA, Gaku-biwa and Mai\uff08Dance\uff09 While a student at Kunitachi College of Music, Kahoru Nakamura began [&hellip;]\" \/>\n<meta property=\"og:url\" content=\"https:\/\/kahorunakamura.b-sheet.jp\/en\/biography\/\" \/>\n<meta property=\"og:site_name\" content=\"KAHORU NAKAMURA\" \/>\n<meta property=\"article:modified_time\" content=\"2019-04-04T03:59:46+00:00\" \/>\n<meta property=\"og:image\" content=\"https:\/\/kahorunakamura.b-sheet.jp\/wp-content\/uploads\/2018\/10\/sns_kahoru_3.png\" \/>\n\t<meta property=\"og:image:width\" content=\"1200\" \/>\n\t<meta property=\"og:image:height\" content=\"630\" \/>\n\t<meta property=\"og:image:type\" content=\"image\/png\" \/>\n<meta name=\"twitter:card\" content=\"summary_large_image\" \/>\n<meta name=\"twitter:label1\" content=\"Est. reading time\" \/>\n\t<meta name=\"twitter:data1\" content=\"3 minutes\" \/>\n<script type=\"application\/ld+json\" class=\"yoast-schema-graph\">{\"@context\":\"https:\\\/\\\/schema.org\",\"@graph\":[{\"@type\":\"WebPage\",\"@id\":\"https:\\\/\\\/kahorunakamura.b-sheet.jp\\\/en\\\/biography\\\/\",\"url\":\"https:\\\/\\\/kahorunakamura.b-sheet.jp\\\/en\\\/biography\\\/\",\"name\":\"BIOGRAPHY - KAHORU NAKAMURA\",\"isPartOf\":{\"@id\":\"https:\\\/\\\/kahorunakamura.b-sheet.jp\\\/#website\"},\"datePublished\":\"2017-08-07T09:46:42+00:00\",\"dateModified\":\"2019-04-04T03:59:46+00:00\",\"breadcrumb\":{\"@id\":\"https:\\\/\\\/kahorunakamura.b-sheet.jp\\\/en\\\/biography\\\/#breadcrumb\"},\"inLanguage\":\"en-US\",\"potentialAction\":[{\"@type\":\"ReadAction\",\"target\":[\"https:\\\/\\\/kahorunakamura.b-sheet.jp\\\/en\\\/biography\\\/\"]}]},{\"@type\":\"BreadcrumbList\",\"@id\":\"https:\\\/\\\/kahorunakamura.b-sheet.jp\\\/en\\\/biography\\\/#breadcrumb\",\"itemListElement\":[{\"@type\":\"ListItem\",\"position\":1,\"name\":\"\u30db\u30fc\u30e0\",\"item\":\"https:\\\/\\\/kahorunakamura.b-sheet.jp\\\/\"},{\"@type\":\"ListItem\",\"position\":2,\"name\":\"BIOGRAPHY\"}]},{\"@type\":\"WebSite\",\"@id\":\"https:\\\/\\\/kahorunakamura.b-sheet.jp\\\/#website\",\"url\":\"https:\\\/\\\/kahorunakamura.b-sheet.jp\\\/\",\"name\":\"KAHORU NAKAMURA\",\"description\":\"\u4e2d\u6751\u304b\u307b\u308b\uff08Kahoru Nakamura\uff09\u306f\u96c5\u697d\u306e\u697d\u7435\u7436\u594f\u8005\u3001\u821e\u4eba\uff08\u53f3\u821e\uff09\u3002\u829d\u7950\u9756\u6c0f\u3001\u5c71\u7530\u6e05\u5f66\u6c0f\u306b\u5e2b\u4e8b\u3002\u4f36\u697d\u820e\u3001\u77f3\u5ddd\u9ad8\u3068\u306ekishun\u7b49\u3067\u6d3b\u52d5\u3002CD\u300c\u3086\u3059\u3089\u300d\u306b\u81ea\u3089\u5fa9\u66f2\u3057\u305f\u79d8\u66f2\u300c\u5544\u6728\u300d\u3092\u53ce\u9332\u3002\u5c55\u89a7\u4f1a\u300c\u30d6\u30e9\u30b8\u30eb\u5148\u4f4f\u6c11\u306e\u6905\u5b50\u300d\u4f1a\u5834\u97f3\u697d\u3092\u6f14\u594f\u3002\",\"potentialAction\":[{\"@type\":\"SearchAction\",\"target\":{\"@type\":\"EntryPoint\",\"urlTemplate\":\"https:\\\/\\\/kahorunakamura.b-sheet.jp\\\/?s={search_term_string}\"},\"query-input\":{\"@type\":\"PropertyValueSpecification\",\"valueRequired\":true,\"valueName\":\"search_term_string\"}}],\"inLanguage\":\"en-US\"}]}<\/script>\n<!-- \/ Yoast SEO plugin. -->","yoast_head_json":{"title":"BIOGRAPHY - KAHORU NAKAMURA","robots":{"index":"index","follow":"follow","max-snippet":"max-snippet:-1","max-image-preview":"max-image-preview:large","max-video-preview":"max-video-preview:-1"},"canonical":"https:\/\/kahorunakamura.b-sheet.jp\/en\/biography\/","og_locale":"en_US","og_type":"article","og_title":"BIOGRAPHY - KAHORU NAKAMURA","og_description":"Kahoru NAKAMURA, Gaku-biwa and Mai\uff08Dance\uff09 While a student at Kunitachi College of Music, Kahoru Nakamura began [&hellip;]","og_url":"https:\/\/kahorunakamura.b-sheet.jp\/en\/biography\/","og_site_name":"KAHORU NAKAMURA","article_modified_time":"2019-04-04T03:59:46+00:00","og_image":[{"width":1200,"height":630,"url":"https:\/\/kahorunakamura.b-sheet.jp\/wp-content\/uploads\/2018\/10\/sns_kahoru_3.png","type":"image\/png"}],"twitter_card":"summary_large_image","twitter_misc":{"Est. reading time":"3 minutes"},"schema":{"@context":"https:\/\/schema.org","@graph":[{"@type":"WebPage","@id":"https:\/\/kahorunakamura.b-sheet.jp\/en\/biography\/","url":"https:\/\/kahorunakamura.b-sheet.jp\/en\/biography\/","name":"BIOGRAPHY - KAHORU NAKAMURA","isPartOf":{"@id":"https:\/\/kahorunakamura.b-sheet.jp\/#website"},"datePublished":"2017-08-07T09:46:42+00:00","dateModified":"2019-04-04T03:59:46+00:00","breadcrumb":{"@id":"https:\/\/kahorunakamura.b-sheet.jp\/en\/biography\/#breadcrumb"},"inLanguage":"en-US","potentialAction":[{"@type":"ReadAction","target":["https:\/\/kahorunakamura.b-sheet.jp\/en\/biography\/"]}]},{"@type":"BreadcrumbList","@id":"https:\/\/kahorunakamura.b-sheet.jp\/en\/biography\/#breadcrumb","itemListElement":[{"@type":"ListItem","position":1,"name":"\u30db\u30fc\u30e0","item":"https:\/\/kahorunakamura.b-sheet.jp\/"},{"@type":"ListItem","position":2,"name":"BIOGRAPHY"}]},{"@type":"WebSite","@id":"https:\/\/kahorunakamura.b-sheet.jp\/#website","url":"https:\/\/kahorunakamura.b-sheet.jp\/","name":"KAHORU NAKAMURA","description":"\u4e2d\u6751\u304b\u307b\u308b\uff08Kahoru Nakamura\uff09\u306f\u96c5\u697d\u306e\u697d\u7435\u7436\u594f\u8005\u3001\u821e\u4eba\uff08\u53f3\u821e\uff09\u3002\u829d\u7950\u9756\u6c0f\u3001\u5c71\u7530\u6e05\u5f66\u6c0f\u306b\u5e2b\u4e8b\u3002\u4f36\u697d\u820e\u3001\u77f3\u5ddd\u9ad8\u3068\u306ekishun\u7b49\u3067\u6d3b\u52d5\u3002CD\u300c\u3086\u3059\u3089\u300d\u306b\u81ea\u3089\u5fa9\u66f2\u3057\u305f\u79d8\u66f2\u300c\u5544\u6728\u300d\u3092\u53ce\u9332\u3002\u5c55\u89a7\u4f1a\u300c\u30d6\u30e9\u30b8\u30eb\u5148\u4f4f\u6c11\u306e\u6905\u5b50\u300d\u4f1a\u5834\u97f3\u697d\u3092\u6f14\u594f\u3002","potentialAction":[{"@type":"SearchAction","target":{"@type":"EntryPoint","urlTemplate":"https:\/\/kahorunakamura.b-sheet.jp\/?s={search_term_string}"},"query-input":{"@type":"PropertyValueSpecification","valueRequired":true,"valueName":"search_term_string"}}],"inLanguage":"en-US"}]}},"jetpack_shortlink":"https:\/\/wp.me\/Papwrn-2Q","jetpack_sharing_enabled":true,"_links":{"self":[{"href":"https:\/\/kahorunakamura.b-sheet.jp\/wp-json\/wp\/v2\/pages\/176","targetHints":{"allow":["GET"]}}],"collection":[{"href":"https:\/\/kahorunakamura.b-sheet.jp\/wp-json\/wp\/v2\/pages"}],"about":[{"href":"https:\/\/kahorunakamura.b-sheet.jp\/wp-json\/wp\/v2\/types\/page"}],"author":[{"embeddable":true,"href":"https:\/\/kahorunakamura.b-sheet.jp\/wp-json\/wp\/v2\/users\/1"}],"replies":[{"embeddable":true,"href":"https:\/\/kahorunakamura.b-sheet.jp\/wp-json\/wp\/v2\/comments?post=176"}],"version-history":[{"count":13,"href":"https:\/\/kahorunakamura.b-sheet.jp\/wp-json\/wp\/v2\/pages\/176\/revisions"}],"predecessor-version":[{"id":1314,"href":"https:\/\/kahorunakamura.b-sheet.jp\/wp-json\/wp\/v2\/pages\/176\/revisions\/1314"}],"wp:attachment":[{"href":"https:\/\/kahorunakamura.b-sheet.jp\/wp-json\/wp\/v2\/media?parent=176"}],"curies":[{"name":"wp","href":"https:\/\/api.w.org\/{rel}","templated":true}]}}